{"id":24054,"date":"2021-04-12T12:11:49","date_gmt":"2021-04-12T10:11:49","guid":{"rendered":"https:\/\/ptmin2025.uwr.edu.pl\/strona-glowna2-2\/"},"modified":"2025-01-23T11:14:50","modified_gmt":"2025-01-23T10:14:50","slug":"strona-glowna2-2","status":"publish","type":"page","link":"https:\/\/ptmin2025.uwr.edu.pl\/en\/","title":{"rendered":"Main Page"},"content":{"rendered":"\n<div class=\"bs_add_mobile_custom_menu\"><\/div>\n\n\n\n<div class=\"wp-block-columns bs-section-baner bs_add_contained_custom_menu is-layout-flex wp-block-columns-is-layout-flex\">\n<div class=\"wp-block-column bs-baner-first-column is-layout-flow wp-block-column-is-layout-flow\" style=\"flex-basis:60%\"><div class=\"n2-section-smartslider fitvidsignore  n2_clear\" data-ssid=\"7\"><div id=\"n2-ss-7-align\" class=\"n2-ss-align\"><div class=\"n2-padding\"><div id=\"n2-ss-7\" data-creator=\"Smart Slider 3\" data-responsive=\"fullwidth\" class=\"n2-ss-slider n2-ow n2-has-hover n2notransition  \"><div class=\"n2-ss-slider-wrapper-inside\">\n        <div class=\"n2-ss-slider-1 n2_ss__touch_element n2-ow\">\n            <div class=\"n2-ss-slider-2 n2-ow\">\n                                                <div class=\"n2-ss-slider-3 n2-ow\">\n\n                    <div class=\"n2-ss-slide-backgrounds n2-ow-all\"><div class=\"n2-ss-slide-background\" data-public-id=\"1\" data-mode=\"fill\"><div class=\"n2-ss-slide-background-image\" data-blur=\"0\" data-opacity=\"100\" data-x=\"50\" data-y=\"50\" data-alt=\"\" data-title=\"\"><picture class=\"skip-lazy\" data-skip-lazy=\"1\"><img decoding=\"async\" src=\"\/\/ptmin2025.uwr.edu.pl\/wp-content\/uploads\/sites\/729\/2025\/01\/Obraz1.jpg\" alt=\"\" title=\"\" loading=\"lazy\" class=\"skip-lazy\" data-skip-lazy=\"1\"><\/picture><\/div><div data-color=\"RGBA(255,255,255,0)\" style=\"background-color: RGBA(255,255,255,0);\" class=\"n2-ss-slide-background-color\"><\/div><\/div><div class=\"n2-ss-slide-background\" data-public-id=\"2\" data-mode=\"fill\" aria-hidden=\"true\"><div class=\"n2-ss-slide-background-image\" data-blur=\"0\" data-opacity=\"100\" data-x=\"50\" data-y=\"50\" data-alt=\"\" data-title=\"\"><picture class=\"skip-lazy\" data-skip-lazy=\"1\"><img decoding=\"async\" src=\"\/\/ptmin2025.uwr.edu.pl\/wp-content\/uploads\/sites\/729\/2025\/01\/Obraz2.jpg\" alt=\"\" title=\"\" loading=\"lazy\" class=\"skip-lazy\" data-skip-lazy=\"1\"><\/picture><\/div><div data-color=\"RGBA(255,255,255,0)\" style=\"background-color: RGBA(255,255,255,0);\" class=\"n2-ss-slide-background-color\"><\/div><\/div><div class=\"n2-ss-slide-background\" data-public-id=\"3\" data-mode=\"fill\" aria-hidden=\"true\"><div class=\"n2-ss-slide-background-image\" data-blur=\"0\" data-opacity=\"100\" data-x=\"50\" data-y=\"50\" data-alt=\"\" data-title=\"\"><picture class=\"skip-lazy\" data-skip-lazy=\"1\"><img decoding=\"async\" src=\"\/\/ptmin2025.uwr.edu.pl\/wp-content\/uploads\/sites\/729\/2025\/01\/Obraz3.jpg\" alt=\"\" title=\"\" loading=\"lazy\" class=\"skip-lazy\" data-skip-lazy=\"1\"><\/picture><\/div><div data-color=\"RGBA(255,255,255,0)\" style=\"background-color: RGBA(255,255,255,0);\" class=\"n2-ss-slide-background-color\"><\/div><\/div><div class=\"n2-ss-slide-background\" data-public-id=\"4\" data-mode=\"fill\" aria-hidden=\"true\"><div class=\"n2-ss-slide-background-image\" data-blur=\"0\" data-opacity=\"100\" data-x=\"50\" data-y=\"50\" data-alt=\"\" data-title=\"\"><picture class=\"skip-lazy\" data-skip-lazy=\"1\"><img decoding=\"async\" src=\"\/\/ptmin2025.uwr.edu.pl\/wp-content\/uploads\/sites\/729\/2025\/01\/Obraz4.jpg\" alt=\"\" title=\"\" loading=\"lazy\" class=\"skip-lazy\" data-skip-lazy=\"1\"><\/picture><\/div><div data-color=\"RGBA(255,255,255,0)\" style=\"background-color: RGBA(255,255,255,0);\" class=\"n2-ss-slide-background-color\"><\/div><\/div><\/div>                    <div class=\"n2-ss-slider-4 n2-ow\">\n                        <svg xmlns=\"http:\/\/www.w3.org\/2000\/svg\" viewBox=\"0 0 1000 700\" data-related-device=\"desktopPortrait\" class=\"n2-ow n2-ss-preserve-size n2-ss-preserve-size--slider n2-ss-slide-limiter\"><\/svg><div data-first=\"1\" data-slide-duration=\"0\" data-id=\"60\" data-slide-public-id=\"1\" data-title=\"Obraz1\" class=\"n2-ss-slide n2-ow  n2-ss-slide-60\"><div role=\"note\" class=\"n2-ss-slide--focus\" tabindex=\"-1\">Obraz1<\/div><div class=\"n2-ss-layers-container n2-ss-slide-limiter n2-ow\"><div class=\"n2-ss-layer n2-ow n-uc-aUpF8E7qXrVS\" data-sstype=\"slide\" data-pm=\"default\"><\/div><\/div><\/div><div data-slide-duration=\"0\" data-id=\"63\" data-slide-public-id=\"2\" aria-hidden=\"true\" data-title=\"Obraz2\" class=\"n2-ss-slide n2-ow  n2-ss-slide-63\"><div role=\"note\" class=\"n2-ss-slide--focus\" tabindex=\"-1\">Obraz2<\/div><div class=\"n2-ss-layers-container n2-ss-slide-limiter n2-ow\"><div class=\"n2-ss-layer n2-ow n-uc-OT1VBITgfOGu\" data-sstype=\"slide\" data-pm=\"default\"><\/div><\/div><\/div><div data-slide-duration=\"0\" data-id=\"66\" data-slide-public-id=\"3\" aria-hidden=\"true\" data-title=\"Obraz3\" class=\"n2-ss-slide n2-ow  n2-ss-slide-66\"><div role=\"note\" class=\"n2-ss-slide--focus\" tabindex=\"-1\">Obraz3<\/div><div class=\"n2-ss-layers-container n2-ss-slide-limiter n2-ow\"><div class=\"n2-ss-layer n2-ow n-uc-uPDukDZWdiLg\" data-sstype=\"slide\" data-pm=\"default\"><\/div><\/div><\/div><div data-slide-duration=\"0\" data-id=\"69\" data-slide-public-id=\"4\" aria-hidden=\"true\" data-title=\"Obraz4\" class=\"n2-ss-slide n2-ow  n2-ss-slide-69\"><div role=\"note\" class=\"n2-ss-slide--focus\" tabindex=\"-1\">Obraz4<\/div><div class=\"n2-ss-layers-container n2-ss-slide-limiter n2-ow\"><div class=\"n2-ss-layer n2-ow n-uc-eUkreBGaUDPK\" data-sstype=\"slide\" data-pm=\"default\"><\/div><\/div><\/div>                    <\/div>\n\n                                    <\/div>\n            <\/div>\n        <\/div>\n        <div class=\"n2-ss-slider-controls n2-ss-slider-controls-absolute-left-center\"><div style=\"--widget-offset:15px;\" class=\"n2-ss-widget nextend-arrow n2-ow-all nextend-arrow-previous  nextend-arrow-animated-fade\" data-hide-mobileportrait=\"1\" id=\"n2-ss-7-arrow-previous\" role=\"button\" aria-label=\"previous arrow\" tabindex=\"0\"><img loading=\"lazy\" decoding=\"async\" width=\"32\" height=\"32\" class=\"skip-lazy\" data-skip-lazy=\"1\" src=\"data:image\/svg+xml;base64,PHN2ZyB3aWR0aD0iMzIiIGhlaWdodD0iMzIiIHZpZXdCb3g9IjAgMCAzMiAzMiIgeG1sbnM9Imh0dHA6Ly93d3cudzMub3JnLzIwMDAvc3ZnIj4KICAgIDxwYXRoIGQ9Ik0xMS40MzMgMTUuOTkyTDIyLjY5IDUuNzEyYy4zOTMtLjM5LjM5My0xLjAzIDAtMS40Mi0uMzkzLS4zOS0xLjAzLS4zOS0xLjQyMyAwbC0xMS45OCAxMC45NGMtLjIxLjIxLS4zLjQ5LS4yODUuNzYtLjAxNS4yOC4wNzUuNTYuMjg0Ljc3bDExLjk4IDEwLjk0Yy4zOTMuMzkgMS4wMy4zOSAxLjQyNCAwIC4zOTMtLjQuMzkzLTEuMDMgMC0xLjQybC0xMS4yNTctMTAuMjkiCiAgICAgICAgICBmaWxsPSIjZmZmZmZmIiBvcGFjaXR5PSIwLjgiIGZpbGwtcnVsZT0iZXZlbm9kZCIvPgo8L3N2Zz4=\" alt=\"previous arrow\"><\/div><\/div><div class=\"n2-ss-slider-controls n2-ss-slider-controls-absolute-right-center\"><div style=\"--widget-offset:15px;\" class=\"n2-ss-widget nextend-arrow n2-ow-all nextend-arrow-next  nextend-arrow-animated-fade\" data-hide-mobileportrait=\"1\" id=\"n2-ss-7-arrow-next\" role=\"button\" aria-label=\"next arrow\" tabindex=\"0\"><img loading=\"lazy\" decoding=\"async\" width=\"32\" height=\"32\" class=\"skip-lazy\" data-skip-lazy=\"1\" src=\"data:image\/svg+xml;base64,PHN2ZyB3aWR0aD0iMzIiIGhlaWdodD0iMzIiIHZpZXdCb3g9IjAgMCAzMiAzMiIgeG1sbnM9Imh0dHA6Ly93d3cudzMub3JnLzIwMDAvc3ZnIj4KICAgIDxwYXRoIGQ9Ik0xMC43MjIgNC4yOTNjLS4zOTQtLjM5LTEuMDMyLS4zOS0xLjQyNyAwLS4zOTMuMzktLjM5MyAxLjAzIDAgMS40MmwxMS4yODMgMTAuMjgtMTEuMjgzIDEwLjI5Yy0uMzkzLjM5LS4zOTMgMS4wMiAwIDEuNDIuMzk1LjM5IDEuMDMzLjM5IDEuNDI3IDBsMTIuMDA3LTEwLjk0Yy4yMS0uMjEuMy0uNDkuMjg0LS43Ny4wMTQtLjI3LS4wNzYtLjU1LS4yODYtLjc2TDEwLjcyIDQuMjkzeiIKICAgICAgICAgIGZpbGw9IiNmZmZmZmYiIG9wYWNpdHk9IjAuOCIgZmlsbC1ydWxlPSJldmVub2RkIi8+Cjwvc3ZnPg==\" alt=\"next arrow\"><\/div><\/div><\/div><\/div><ss3-loader><\/ss3-loader><\/div><\/div><div class=\"n2_clear\"><\/div><\/div>\n\n\n<figure class=\"wp-block-image alignright size-large bs-baner-strzalka\"><a href=\"#naglowek\"><img loading=\"lazy\" decoding=\"async\" width=\"77\" height=\"77\" src=\"https:\/\/ptmin2025.uwr.edu.pl\/wp-content\/uploads\/sites\/729\/\/2022\/06\/Group-609-1-3.svg\" alt=\"Strza\u0142ka w d\u00f3\u0142\" class=\"wp-image-22621\"\/><\/a><\/figure>\n<\/div>\n\n\n\n<div class=\"wp-block-column is-layout-flow wp-block-column-is-layout-flow\" style=\"flex-basis:5%\"><\/div>\n\n\n\n<div class=\"wp-block-column bs-baner-second-column is-layout-flow wp-block-column-is-layout-flow\" style=\"flex-basis:40%\">\n<div style=\"height:100px\" aria-hidden=\"true\" class=\"wp-block-spacer\"><\/div>\n\n\n\n<h2 class=\"wp-block-heading has-text-align-center\" id=\"30th-meeting-of-the-petrology-group-of-the-mineralogical-society-of-poland-how-can-mineralogical-sciences-support-the-mineral-resources-industry\"><span style=\"color: #000000\" class=\"ugb-highlight\"><strong>30th Meeting of the Petrology Group of the Mineralogical Society of Poland&nbsp;<\/strong><\/span><br><span style=\"color: #000000\" class=\"ugb-highlight\">&#8220;<em>How Can Mineralogical Sciences Support the Mineral Resources Industry?&#8221;<\/em>&nbsp;&nbsp;<\/span><\/h2>\n\n\n\n<div class=\"wp-block-columns is-layout-flex wp-block-columns-is-layout-flex\">\n<div class=\"wp-block-column odstep-prawy is-layout-flow wp-block-column-is-layout-flow\">\n<p>Opis witryny.<\/p>\n<\/div>\n<\/div>\n\n\n\r\n<div class=\"bs_block__container\">\r\n    <a title=\"Dowiedz si\u0119 wi\u0119cej\" class=\"button2__link\" href=\"#\">\r\n        <div class=\"button2\">\r\n            <span class=\"c-button__arrow2\">\r\n                <svg class=\"c-arrow2\" width=\"40px\" height=\"40px\" alt=\"\" viewBox=\"0 0 22 16\" version=\"1.1\">\r\n                    <g class=\"c-arrow__g2\" stroke=\"none\" strokeWidth=\"1\" fill=\"none\" fillRule=\"evenodd\">\r\n                        <g class=\"c-arrow__g2\">\r\n                            <rect id=\"c-arrow__rect2\" x=\"0\" y=\"7\" width=\"20\" height=\"2\" transform=\"scale(0,1)\" \/>\r\n                            <polygon points=\"13.4875 0 12 1.6215 18.7875 8 12 14.3795 13.4875 16 21.9995 8\" \/>\r\n                        <\/g>\r\n                    <\/g>\r\n                <\/svg>\r\n            <\/span>\r\n            <span class=\"c-button__inner2\">Dowiedz si\u0119 wi\u0119cej<\/span>\r\n        <\/div>\r\n    <\/a>\r\n<\/div>\n\n\n<figure class=\"wp-block-image alignright size-full bs-baner-badawcza\"><img loading=\"lazy\" decoding=\"async\" width=\"1024\" height=\"502\" src=\"https:\/\/ptmin2025.uwr.edu.pl\/wp-content\/uploads\/sites\/729\/2021\/04\/213@2x-1024x502-1.webp\" alt=\"Uczelnia badawcza - banner\" class=\"wp-image-22629\" srcset=\"https:\/\/ptmin2025.uwr.edu.pl\/wp-content\/uploads\/sites\/729\/2021\/04\/213@2x-1024x502-1.webp 1024w, https:\/\/ptmin2025.uwr.edu.pl\/wp-content\/uploads\/sites\/729\/2021\/04\/213@2x-1024x502-1-300x147.webp 300w, https:\/\/ptmin2025.uwr.edu.pl\/wp-content\/uploads\/sites\/729\/2021\/04\/213@2x-1024x502-1-768x377.webp 768w, https:\/\/ptmin2025.uwr.edu.pl\/wp-content\/uploads\/sites\/729\/2021\/04\/213@2x-1024x502-1-24x12.webp 24w, https:\/\/ptmin2025.uwr.edu.pl\/wp-content\/uploads\/sites\/729\/2021\/04\/213@2x-1024x502-1-36x18.webp 36w, https:\/\/ptmin2025.uwr.edu.pl\/wp-content\/uploads\/sites\/729\/2021\/04\/213@2x-1024x502-1-48x24.webp 48w\" sizes=\"auto, (max-width: 1024px) 100vw, 1024px\" \/><figcaption class=\"wp-element-caption\"><a href=\"https:\/\/badawczy.uwr.edu.pl\/\" target=\"_blank\" rel=\"noreferrer noopener\"><\/a><\/figcaption><\/figure>\n<\/div>\n<\/div>\n\n\n\n<div class=\"wp-block-stackable-spacer stk-block-spacer stk--no-padding stk-block stk-3a2d425\" data-block-id=\"3a2d425\"><style>.stk-3a2d425 {height:150px !important;}<\/style><\/div>\n\n\n\n<h2 class=\"wp-block-heading has-text-align-center\" id=\"naglowek\"><span style=\"color: var(--ast-global-color-5);\" class=\"stk-highlight\">Nag\u0142\u00f3wek<\/span><\/h2>\n\n\n\n<h2 class=\"wp-block-heading has-text-align-center\" id=\"about-the-conference\"><strong>About the Conference<\/strong><\/h2>\n\n\n\n<p class=\"has-text-align-center\">The 30th Anniversary Meeting of the Petrology Group of the Mineralogical Society of Poland in 2025 will be held under the theme &#8220;How Can Mineralogical Sciences Support the Mineral Resources Industry?&#8221; Our goal is to create a platform for dialogue between academia and the mineral resources industry to present new trends&nbsp;in mineral exploration and raw materials recovery from secondary sources. Such meetings are particularly important in the context of the European Union strategy for establishing&nbsp;new sources of mineral raw materials for&nbsp;a changing economy. Traditionally, the Conference will be a place for mineralogists and petrologists to meet and integrate, and to exchange their experiences during general sessions. The conference will also be an opportunity to celebrate the 80th anniversary of the Polish Institute of Geological Sciences of the University of Wroc\u0142aw.<\/p>\n\n\n\n<hr class=\"wp-block-separator has-text-color has-css-opacity has-background is-style-wide bs-border-na-sztywno\" style=\"background-color:#fcbd30;color:#fcbd30\"\/>\n","protected":false},"excerpt":{"rendered":"<p>30th Meeting of the Petrology Group of the Mineralogical Society of Poland&nbsp;&#8220;How Can Mineralogical Sciences Support the Mineral Resources Industry?&#8221;&nbsp;&nbsp; Opis witryny. Nag\u0142\u00f3wek About the Conference The 30th Anniversary Meeting of the Petrology Group of the Mineralogical Society of Poland in 2025 will be held under the theme &#8220;How Can Mineralogical Sciences Support the Mineral [&hellip;]<\/p>\n","protected":false},"author":20,"featured_media":0,"parent":0,"menu_order":0,"comment_status":"closed","ping_status":"closed","template":"","meta":{"_acf_changed":false,"inline_featured_image":false,"site-sidebar-layout":"no-sidebar","site-content-layout":"page-builder","ast-site-content-layout":"full-width-container","site-content-style":"unboxed","site-sidebar-style":"unboxed","ast-global-header-display":"","ast-banner-title-visibility":"","ast-main-header-display":"","ast-hfb-above-header-display":"","ast-hfb-below-header-display":"","ast-hfb-mobile-header-display":"","site-post-title":"disabled","ast-breadcrumbs-content":"","ast-featured-img":"","footer-sml-layout":"","ast-disable-related-posts":"","theme-transparent-header-meta":"default","adv-header-id-meta":"","stick-header-meta":"","header-above-stick-meta":"","header-main-stick-meta":"","header-below-stick-meta":"","astra-migrate-meta-layouts":"set","ast-page-background-enabled":"default","ast-page-background-meta":{"desktop":{"background-color":"","background-image":"","background-repeat":"repeat","background-position":"center center","background-size":"auto","background-attachment":"scroll","background-type":"","background-media":"","overlay-type":"","overlay-color":"","overlay-opacity":"","overlay-gradient":""},"tablet":{"background-color":"","background-image":"","background-repeat":"repeat","background-position":"center center","background-size":"auto","background-attachment":"scroll","background-type":"","background-media":"","overlay-type":"","overlay-color":"","overlay-opacity":"","overlay-gradient":""},"mobile":{"background-color":"","background-image":"","background-repeat":"repeat","background-position":"center center","background-size":"auto","background-attachment":"scroll","background-type":"","background-media":"","overlay-type":"","overlay-color":"","overlay-opacity":"","overlay-gradient":""}},"ast-content-background-meta":{"desktop":{"background-color":"var(--ast-global-color-5)","background-image":"","background-repeat":"repeat","background-position":"center center","background-size":"auto","background-attachment":"scroll","background-type":"","background-media":"","overlay-type":"","overlay-color":"","overlay-opacity":"","overlay-gradient":""},"tablet":{"background-color":"var(--ast-global-color-5)","background-image":"","background-repeat":"repeat","background-position":"center center","background-size":"auto","background-attachment":"scroll","background-type":"","background-media":"","overlay-type":"","overlay-color":"","overlay-opacity":"","overlay-gradient":""},"mobile":{"background-color":"var(--ast-global-color-5)","background-image":"","background-repeat":"repeat","background-position":"center center","background-size":"auto","background-attachment":"scroll","background-type":"","background-media":"","overlay-type":"","overlay-color":"","overlay-opacity":"","overlay-gradient":""}},"footnotes":""},"categories":[],"tags":[],"class_list":["post-24054","page","type-page","status-publish","hentry"],"featured_image_urls_v2":{"full":"","thumbnail":"","medium":"","medium_large":"","large":"","1536x1536":"","2048x2048":"","menu-24x24":"","menu-36x36":"","menu-48x48":""},"post_excerpt_stackable_v2":"<p>Obraz1Obraz2Obraz3Obraz4 30th Meeting of the Petrology Group of the Mineralogical Society of Poland&nbsp;&#8220;How Can Mineralogical Sciences Support the Mineral Resources Industry?&#8221;&nbsp;&nbsp; Opis witryny. Dowiedz si\u0119 wi\u0119cej Nag\u0142\u00f3wek About the Conference The 30th Anniversary Meeting of the Petrology Group of the Mineralogical Society of Poland in 2025 will be held under the theme &#8220;How Can Mineralogical Sciences Support the Mineral Resources Industry?&#8221; Our goal is to create a platform for dialogue between academia and the mineral resources industry to present new trends&nbsp;in mineral exploration and raw materials recovery from secondary sources. Such meetings are particularly important in the context of the&hellip;<\/p>\n","category_list_v2":"Uncategorized","author_info_v2":{"name":"mmatlinski","url":"https:\/\/ptmin2025.uwr.edu.pl\/en\/author\/mmatlinski\/"},"comments_num_v2":"0 comments","acf":[],"yoast_head":"<!-- This site is optimized with the Yoast SEO plugin v27.1.1 - https:\/\/yoast.com\/product\/yoast-seo-wordpress\/ -->\n<title>Main Page - Conference of the Mineralogical Society of Poland<\/title>\n<meta name=\"robots\" content=\"index, follow, max-snippet:-1, max-image-preview:large, max-video-preview:-1\" \/>\n<link rel=\"canonical\" href=\"https:\/\/ptmin2025.uwr.edu.pl\/\" \/>\n<meta property=\"og:locale\" content=\"en_US\" \/>\n<meta property=\"og:type\" content=\"article\" \/>\n<meta property=\"og:title\" content=\"Main Page - Conference of the Mineralogical Society of Poland\" \/>\n<meta property=\"og:description\" content=\"30th Meeting of the Petrology Group of the Mineralogical Society of Poland&nbsp;&#8220;How Can Mineralogical Sciences Support the Mineral Resources Industry?&#8221;&nbsp;&nbsp; Opis witryny. Nag\u0142\u00f3wek About the Conference The 30th Anniversary Meeting of the Petrology Group of the Mineralogical Society of Poland in 2025 will be held under the theme &#8220;How Can Mineralogical Sciences Support the Mineral [&hellip;]\" \/>\n<meta property=\"og:url\" content=\"https:\/\/ptmin2025.uwr.edu.pl\/\" \/>\n<meta property=\"og:site_name\" content=\"Conference of the Mineralogical Society of Poland\" \/>\n<meta property=\"article:modified_time\" content=\"2025-01-23T10:14:50+00:00\" \/>\n<meta property=\"og:image\" content=\"https:\/\/ptmin2025.uwr.edu.pl\/wp-content\/uploads\/sites\/729\/\/2022\/06\/Group-609-1-3.svg\" \/>\n<meta name=\"twitter:card\" content=\"summary_large_image\" \/>\n<meta name=\"twitter:label1\" content=\"Est. reading time\" \/>\n\t<meta name=\"twitter:data1\" content=\"2 minutes\" \/>\n<script type=\"application\/ld+json\" class=\"yoast-schema-graph\">{\"@context\":\"https:\/\/schema.org\",\"@graph\":[{\"@type\":\"WebPage\",\"@id\":\"https:\/\/ptmin2025.uwr.edu.pl\/\",\"url\":\"https:\/\/ptmin2025.uwr.edu.pl\/\",\"name\":\"Main Page - Conference of the Mineralogical Society of Poland\",\"isPartOf\":{\"@id\":\"https:\/\/ptmin2025.uwr.edu.pl\/#website\"},\"primaryImageOfPage\":{\"@id\":\"https:\/\/ptmin2025.uwr.edu.pl\/#primaryimage\"},\"image\":{\"@id\":\"https:\/\/ptmin2025.uwr.edu.pl\/#primaryimage\"},\"thumbnailUrl\":\"https:\/\/ptmin2025.uwr.edu.pl\/wp-content\/uploads\/sites\/729\/\/2022\/06\/Group-609-1-3.svg\",\"datePublished\":\"2021-04-12T10:11:49+00:00\",\"dateModified\":\"2025-01-23T10:14:50+00:00\",\"breadcrumb\":{\"@id\":\"https:\/\/ptmin2025.uwr.edu.pl\/#breadcrumb\"},\"inLanguage\":\"en-US\",\"potentialAction\":[{\"@type\":\"ReadAction\",\"target\":[\"https:\/\/ptmin2025.uwr.edu.pl\/\"]}]},{\"@type\":\"ImageObject\",\"inLanguage\":\"en-US\",\"@id\":\"https:\/\/ptmin2025.uwr.edu.pl\/#primaryimage\",\"url\":\"https:\/\/ptmin2025.uwr.edu.pl\/wp-content\/uploads\/sites\/729\/\/2022\/06\/Group-609-1-3.svg\",\"contentUrl\":\"https:\/\/ptmin2025.uwr.edu.pl\/wp-content\/uploads\/sites\/729\/\/2022\/06\/Group-609-1-3.svg\"},{\"@type\":\"BreadcrumbList\",\"@id\":\"https:\/\/ptmin2025.uwr.edu.pl\/#breadcrumb\",\"itemListElement\":[{\"@type\":\"ListItem\",\"position\":1,\"name\":\"Strona g\u0142\u00f3wna\",\"item\":\"https:\/\/ptmin2025.uwr.edu.pl\/\"},{\"@type\":\"ListItem\",\"position\":2,\"name\":\"Main Page\"}]},{\"@type\":\"WebSite\",\"@id\":\"https:\/\/ptmin2025.uwr.edu.pl\/#website\",\"url\":\"https:\/\/ptmin2025.uwr.edu.pl\/\",\"name\":\"Conference of the Mineralogical Society of Poland\",\"description\":\"Kolejna witryna sieci \u201eUWR Witryny\u201d\",\"publisher\":{\"@id\":\"https:\/\/ptmin2025.uwr.edu.pl\/#organization\"},\"potentialAction\":[{\"@type\":\"SearchAction\",\"target\":{\"@type\":\"EntryPoint\",\"urlTemplate\":\"https:\/\/ptmin2025.uwr.edu.pl\/?s={search_term_string}\"},\"query-input\":{\"@type\":\"PropertyValueSpecification\",\"valueRequired\":true,\"valueName\":\"search_term_string\"}}],\"inLanguage\":\"en-US\"},{\"@type\":\"Organization\",\"@id\":\"https:\/\/ptmin2025.uwr.edu.pl\/#organization\",\"name\":\"Conference of the Mineralogical Society of Poland\",\"url\":\"https:\/\/ptmin2025.uwr.edu.pl\/\",\"logo\":{\"@type\":\"ImageObject\",\"inLanguage\":\"en-US\",\"@id\":\"https:\/\/ptmin2025.uwr.edu.pl\/#\/schema\/logo\/image\/\",\"url\":\"https:\/\/ptmin2025.uwr.edu.pl\/wp-content\/uploads\/sites\/729\/2025\/10\/UWr-logotyp-2025.png\",\"contentUrl\":\"https:\/\/ptmin2025.uwr.edu.pl\/wp-content\/uploads\/sites\/729\/2025\/10\/UWr-logotyp-2025.png\",\"width\":764,\"height\":269,\"caption\":\"Conference of the Mineralogical Society of Poland\"},\"image\":{\"@id\":\"https:\/\/ptmin2025.uwr.edu.pl\/#\/schema\/logo\/image\/\"}}]}<\/script>\n<!-- \/ Yoast SEO plugin. -->","yoast_head_json":{"title":"Main Page - Conference of the Mineralogical Society of Poland","robots":{"index":"index","follow":"follow","max-snippet":"max-snippet:-1","max-image-preview":"max-image-preview:large","max-video-preview":"max-video-preview:-1"},"canonical":"https:\/\/ptmin2025.uwr.edu.pl\/","og_locale":"en_US","og_type":"article","og_title":"Main Page - Conference of the Mineralogical Society of Poland","og_description":"30th Meeting of the Petrology Group of the Mineralogical Society of Poland&nbsp;&#8220;How Can Mineralogical Sciences Support the Mineral Resources Industry?&#8221;&nbsp;&nbsp; Opis witryny. Nag\u0142\u00f3wek About the Conference The 30th Anniversary Meeting of the Petrology Group of the Mineralogical Society of Poland in 2025 will be held under the theme &#8220;How Can Mineralogical Sciences Support the Mineral [&hellip;]","og_url":"https:\/\/ptmin2025.uwr.edu.pl\/","og_site_name":"Conference of the Mineralogical Society of Poland","article_modified_time":"2025-01-23T10:14:50+00:00","og_image":[{"url":"https:\/\/ptmin2025.uwr.edu.pl\/wp-content\/uploads\/sites\/729\/\/2022\/06\/Group-609-1-3.svg","type":"","width":"","height":""}],"twitter_card":"summary_large_image","twitter_misc":{"Est. reading time":"2 minutes"},"schema":{"@context":"https:\/\/schema.org","@graph":[{"@type":"WebPage","@id":"https:\/\/ptmin2025.uwr.edu.pl\/","url":"https:\/\/ptmin2025.uwr.edu.pl\/","name":"Main Page - Conference of the Mineralogical Society of Poland","isPartOf":{"@id":"https:\/\/ptmin2025.uwr.edu.pl\/#website"},"primaryImageOfPage":{"@id":"https:\/\/ptmin2025.uwr.edu.pl\/#primaryimage"},"image":{"@id":"https:\/\/ptmin2025.uwr.edu.pl\/#primaryimage"},"thumbnailUrl":"https:\/\/ptmin2025.uwr.edu.pl\/wp-content\/uploads\/sites\/729\/\/2022\/06\/Group-609-1-3.svg","datePublished":"2021-04-12T10:11:49+00:00","dateModified":"2025-01-23T10:14:50+00:00","breadcrumb":{"@id":"https:\/\/ptmin2025.uwr.edu.pl\/#breadcrumb"},"inLanguage":"en-US","potentialAction":[{"@type":"ReadAction","target":["https:\/\/ptmin2025.uwr.edu.pl\/"]}]},{"@type":"ImageObject","inLanguage":"en-US","@id":"https:\/\/ptmin2025.uwr.edu.pl\/#primaryimage","url":"https:\/\/ptmin2025.uwr.edu.pl\/wp-content\/uploads\/sites\/729\/\/2022\/06\/Group-609-1-3.svg","contentUrl":"https:\/\/ptmin2025.uwr.edu.pl\/wp-content\/uploads\/sites\/729\/\/2022\/06\/Group-609-1-3.svg"},{"@type":"BreadcrumbList","@id":"https:\/\/ptmin2025.uwr.edu.pl\/#breadcrumb","itemListElement":[{"@type":"ListItem","position":1,"name":"Strona g\u0142\u00f3wna","item":"https:\/\/ptmin2025.uwr.edu.pl\/"},{"@type":"ListItem","position":2,"name":"Main Page"}]},{"@type":"WebSite","@id":"https:\/\/ptmin2025.uwr.edu.pl\/#website","url":"https:\/\/ptmin2025.uwr.edu.pl\/","name":"Conference of the Mineralogical Society of Poland","description":"Kolejna witryna sieci \u201eUWR Witryny\u201d","publisher":{"@id":"https:\/\/ptmin2025.uwr.edu.pl\/#organization"},"potentialAction":[{"@type":"SearchAction","target":{"@type":"EntryPoint","urlTemplate":"https:\/\/ptmin2025.uwr.edu.pl\/?s={search_term_string}"},"query-input":{"@type":"PropertyValueSpecification","valueRequired":true,"valueName":"search_term_string"}}],"inLanguage":"en-US"},{"@type":"Organization","@id":"https:\/\/ptmin2025.uwr.edu.pl\/#organization","name":"Conference of the Mineralogical Society of Poland","url":"https:\/\/ptmin2025.uwr.edu.pl\/","logo":{"@type":"ImageObject","inLanguage":"en-US","@id":"https:\/\/ptmin2025.uwr.edu.pl\/#\/schema\/logo\/image\/","url":"https:\/\/ptmin2025.uwr.edu.pl\/wp-content\/uploads\/sites\/729\/2025\/10\/UWr-logotyp-2025.png","contentUrl":"https:\/\/ptmin2025.uwr.edu.pl\/wp-content\/uploads\/sites\/729\/2025\/10\/UWr-logotyp-2025.png","width":764,"height":269,"caption":"Conference of the Mineralogical Society of Poland"},"image":{"@id":"https:\/\/ptmin2025.uwr.edu.pl\/#\/schema\/logo\/image\/"}}]}},"publishpress_future_action":{"enabled":false,"date":"2026-05-23 01:06:29","action":"change-status","newStatus":"draft","terms":[],"taxonomy":"category","extraData":[]},"publishpress_future_workflow_manual_trigger":{"enabledWorkflows":[]},"_links":{"self":[{"href":"https:\/\/ptmin2025.uwr.edu.pl\/en\/wp-json\/wp\/v2\/pages\/24054\/"}],"collection":[{"href":"https:\/\/ptmin2025.uwr.edu.pl\/en\/wp-json\/wp\/v2\/pages\/"}],"about":[{"href":"https:\/\/ptmin2025.uwr.edu.pl\/en\/wp-json\/wp\/v2\/types\/page\/"}],"author":[{"embeddable":true,"href":"https:\/\/ptmin2025.uwr.edu.pl\/en\/wp-json\/wp\/v2\/users\/20\/"}],"replies":[{"embeddable":true,"href":"https:\/\/ptmin2025.uwr.edu.pl\/en\/wp-json\/wp\/v2\/comments\/?post=24054"}],"version-history":[{"count":3,"href":"https:\/\/ptmin2025.uwr.edu.pl\/en\/wp-json\/wp\/v2\/pages\/24054\/revisions\/"}],"predecessor-version":[{"id":24589,"href":"https:\/\/ptmin2025.uwr.edu.pl\/en\/wp-json\/wp\/v2\/pages\/24054\/revisions\/24589\/"}],"wp:attachment":[{"href":"https:\/\/ptmin2025.uwr.edu.pl\/en\/wp-json\/wp\/v2\/media\/?parent=24054"}],"wp:term":[{"taxonomy":"category","embeddable":true,"href":"https:\/\/ptmin2025.uwr.edu.pl\/en\/wp-json\/wp\/v2\/categories\/?post=24054"},{"taxonomy":"post_tag","embeddable":true,"href":"https:\/\/ptmin2025.uwr.edu.pl\/en\/wp-json\/wp\/v2\/tags\/?post=24054"}],"curies":[{"name":"wp","href":"https:\/\/api.w.org\/{rel}","templated":true}]}}